
{"id":22,"date":"2022-09-15T17:11:32","date_gmt":"2022-09-15T09:11:32","guid":{"rendered":"https:\/\/10906.snkjdongming.com\/?page_id=22"},"modified":"2022-12-08T14:17:29","modified_gmt":"2022-12-08T06:17:29","slug":"privacy","status":"publish","type":"page","link":"https:\/\/10906.snkjdongming.com\/de\/privatsphare\/","title":{"rendered":"Privatsph\u00e4re"},"content":{"rendered":"<p>Der Datenschutz und die Sicherheit Ihrer Daten ist uns sehr wichtig.<br \/>\nBitte sehen Sie sich die vollst\u00e4ndige Datenschutzerkl\u00e4rung unten an, um mehr zu erfahren.<\/p>\n<ol>\n<li>Einf\u00fchrung<\/li>\n<\/ol>\n<p>This privacy policy explains how our company and its affiliates collect and use your information. Our privacy policy applies to all people who visit and use our website, our company and online services, and the websites and online services provided by our members (collectively referred to as \"sites\"). Affiliated companies are entities directly or indirectly owned by our company, or entities controlled or jointly controlled by our company. References to \"basic health\", \"us\", \"our\" or \"us\" in this privacy policy refer to the entity responsible for the collection and use of your personal data, usually the entity that obtains your personal data in each case under. This entity is also called the data controller. This privacy policy does not cover the websites and online services operated by our company or our affiliated companies. These websites and online services have separate privacy policies and are not linked to this privacy policy or merged by reference. Different privacy policies may also apply to other parts of our website, such as password-protected areas or web pages used for online recruitment. Our privacy policy only applies to activities we engage in on this website and does not apply to activities that are \"offline\" or unrelated to this website. This privacy policy has been incorporated into our terms and conditions, and the same applies when you use our website. By using this website and providing your personal data and other information through this website, you acknowledge that your personal data will be processed in accordance with the terms of this privacy policy. If you do not agree with the practices described in this privacy policy, please do not provide us with your personal data or interact with the website in other ways. We reserve the right to modify this privacy policy at any time. If we make any major changes to our privacy policy, we will provide notice on this website before the changes take effect. You can determine the latest revision date of this privacy policy by referring to the \"last updated\" date above. You can view the latest version of this privacy policy. We recommend that you regularly check the privacy policy for any changes.<\/p>\n<p>&nbsp;<\/p>\n<ol start=\"2\">\n<li>Welche personenbezogenen Daten erheben wir \u00fcber Sie?<\/li>\n<\/ol>\n<p>Personenbezogene Daten, die in dieser Datenschutzrichtlinie verwendet werden, beziehen sich auf alle Informationen, die sich auf eine identifizierte oder identifizierbare Person beziehen oder wie durch geltende Gesetze definiert. Wenn Sie unsere Website besuchen und freiwillig damit interagieren, erheben wir die folgenden personenbezogenen Daten:<br \/>\nIhr Vor- und Nachname;<br \/>\nName der Firma;<br \/>\nInternet Protocol (IP)-Adresse;<br \/>\nKontaktinformationen (z. B. Telefonnummer, E-Mail-Adresse);<br \/>\noder andere Informationen, die Sie freiwillig angeben.<\/p>\n<p>&nbsp;<\/p>\n<ol start=\"3\">\n<li>Wann erheben wir personenbezogene Daten \u00fcber Sie?<\/li>\n<\/ol>\n<p>Sofern Sie sich nicht freiwillig daf\u00fcr entscheiden, solche Informationen offenzulegen, wird unser Unternehmen \u00fcber diese Website keine personenbezogenen Daten von Ihnen sammeln. Wir k\u00f6nnen Sie bitten, bestimmte personenbezogene Daten zu verschiedenen Zeiten und an verschiedenen Stellen auf der Website anzugeben. Wenn Sie uns die angeforderten personenbezogenen Daten nicht zur Verf\u00fcgung stellen, k\u00f6nnen Sie in einigen F\u00e4llen m\u00f6glicherweise nicht auf alle Inhalte dieser Website zugreifen oder an allen Funktionen teilnehmen. Beispielsweise k\u00f6nnen wir personenbezogene Daten von Ihnen erfassen, wenn Sie die folgenden Aktionen ausf\u00fchren:<br \/>\nKaufen Sie Produkte von unserem Unternehmen \u00fcber unsere Website;<br \/>\n\u00d6ffnen oder antworten Sie auf unsere E-Mail;<br \/>\nWenn Sie uns im Rahmen von Kundenbefragungen freiwillig Informationen zur Verf\u00fcgung stellen, k\u00f6nnen wir diese mit den personenbezogenen Daten verkn\u00fcpfen, die wir zuvor \u00fcber Sie erhoben haben;<br \/>\nContact customer service, use our \"connect\" function to talk to our company representatives, or use our customer support tools;<br \/>\nConnect, link or \"share\" our website through social networking sites;<br \/>\nWenn Sie uns personenbezogene Daten eines Dritten zur Verf\u00fcgung stellen, bedeutet dies, dass Sie dem Dritten eine Mitteilung gemacht haben und von dem Dritten autorisiert wurden, diese Informationen bereitzustellen.<\/p>\n<p>&nbsp;<\/p>\n<ol start=\"4\">\n<li>Wie verwenden wir personenbezogene Daten?<\/li>\n<\/ol>\n<p>Unser Unternehmen verwendet die von uns erhobenen personenbezogenen Daten, um Ihnen Dienstleistungen zu erbringen oder eine vertragliche Vereinbarung mit Ihnen abzuschlie\u00dfen, wenn Sie unsere Website besuchen. Das beinhaltet:<br \/>\nErstellen Sie ein Online-Website-Konto f\u00fcr Sie gem\u00e4\u00df Ihren Anforderungen;<br \/>\nBereitstellung von Kundenservice (z. B. Beantwortung Ihrer Fragen oder Beantwortung von Anfragen);<br \/>\nIhnen Erinnerungen, Updates, Support, Verwaltungsnachrichten, Serviceank\u00fcndigungen und angeforderte Informationen zu senden;<br \/>\nWir verwenden personenbezogene Daten, die von Dritten oder von uns verfolgt werden, f\u00fcr legitime Gesch\u00e4ftszwecke, solange die Daten mit Ihren Rechten und Erwartungen in Bezug auf den Datenschutz vereinbar sind. Das beinhaltet:<br \/>\nBetreiben, pflegen und verbessern Sie diese Website, unsere Dienste und unsere Produkte;<br \/>\nDurchf\u00fchrung von Analysen und Durchf\u00fchrung von Kundenrecherchen;<br \/>\n\u00dcberpr\u00fcfen Sie Ihre F\u00e4higkeit, auf bestimmte Produkte oder Dienstleistungen zuzugreifen oder diese zu nutzen, die nur Personen zur Verf\u00fcgung stehen, die bestimmte Qualifikationsanforderungen oder -standards erf\u00fcllen, wie z. B. medizinisches Fachpersonal;<br \/>\nIhnen zu erm\u00f6glichen, mit bestimmten Drittanbietern von Inhaltsdiensten zu interagieren (z. B. um es Ihnen zu erm\u00f6glichen, Inhalte von Websites Dritter innerhalb dieser Website zu verlinken oder anzuzeigen oder unsere Inhalte auf Websites Dritter anzuzeigen);<br \/>\nIhnen die M\u00f6glichkeit zu geben, an den interaktiven Funktionen unserer Website teilzunehmen;<br \/>\nVerwaltung von Online-Umfragen oder Sonderangeboten, die von uns oder unseren externen Gesch\u00e4ftspartnern bereitgestellt werden;<br \/>\nVerbesserung unserer Website, unseres Kundendienstes, unserer Produkte und Dienstleistungen und der allgemeinen Benutzererfahrung;<br \/>\nVerbesserung anderer Informationen, die wir \u00fcber Sie haben, um uns zu helfen, Sie besser zu verstehen und Ihre Interessen zu bestimmen;<br \/>\nBestimmen Sie Ihre Pr\u00e4ferenzen, damit wir Sie \u00fcber neue Produkte oder andere Produkte, Dienstleistungen und Werbeaktionen informieren k\u00f6nnen, die f\u00fcr Sie von Interesse sein k\u00f6nnten;<br \/>\nUnser Unternehmen hat auch eine Rechtsgrundlage f\u00fcr die Verwendung Ihrer personenbezogenen Daten:<br \/>\nUm Betrug zu verhindern, die \u00f6ffentliche Sicherheit zu gew\u00e4hrleisten und die Meldepflichten und Gesch\u00e4ftsbedingungen unseres Unternehmens durchzusetzen und Gesetze, Vorschriften, Gerichtsbeschl\u00fcsse, Vorladungen oder andere rechtliche Verfahren einzuhalten.<br \/>\nWhere required by law, we may also use the information collected in accordance with this privacy policy with your \"opt-in\" consent to provide you with goods or services that we think may be of interest to you Information.<\/p>\n<p>&nbsp;<\/p>\n<ol start=\"5\">\n<li>Wie geht man mit sensiblen personenbezogenen Daten um?<\/li>\n<\/ol>\n<p>The sensitive personal data used in the privacy policy (also referred to as \"special categories of personal data\") refers to data related to your race or ethnicity, political opinions, religion or other beliefs, health, genetic or biological characteristics, sexual life, or sexuality. Information about orientation, criminal background or union membership. Our company only collects sensitive personal data in the following limited circumstances:<br \/>\nMit Ihrer ausdr\u00fccklichen Zustimmung;<br \/>\nSch\u00fctzen Sie die lebenswichtigen Interessen von Ihnen oder anderen, wenn Sie sich physisch oder rechtlich nicht einigen k\u00f6nnen;<br \/>\nWenn eine Behandlung zu vorbeugenden oder arbeitsmedizinischen Zwecken erforderlich ist, Gesundheits- oder Sozialf\u00fcrsorge oder -behandlung leisten oder Gesundheits- oder Sozialf\u00fcrsorgesysteme und -dienste gem\u00e4\u00df den Gesetzen der Union oder der Mitgliedstaaten oder gem\u00e4\u00df Vertr\u00e4gen mit Angeh\u00f6rigen der Gesundheitsberufe verwalten; oder verwendet werden, um Rechtsanspr\u00fcche zu begr\u00fcnden, auszu\u00fcben oder zu verteidigen, oder soweit dies nach geltendem Recht zul\u00e4ssig und erforderlich ist.<br \/>\nSofern nicht durch geltende Gesetze anders vorgeschrieben, m\u00fcssen Sie uns bei der Nutzung unserer Website keine sensiblen personenbezogenen Daten zur Verf\u00fcgung stellen. Wenn Sie sich dagegen entscheiden, hindert Sie Ihre Entscheidung nicht daran, unsere Website zu nutzen.<\/p>\n<p>&nbsp;<\/p>\n<ol start=\"6\">\n<li>Welche anderen Informationen sammeln wir?<\/li>\n<\/ol>\n<p>Wie viele andere Websites k\u00f6nnen wir, wenn Sie auf unserer Website surfen und mit ihr interagieren, automatische Erfassungstechnologien verwenden, um bestimmte Informationen \u00fcber Ihr Ger\u00e4t, Browsing-Operationen und Muster zu sammeln, einschlie\u00dflich:<br \/>\nDie Details Ihres Besuchs auf unserer Website, einschlie\u00dflich der Ressourcen, die Sie auf unserer Website besuchen und verwenden, Verkehrsdaten, Standortdaten, Protokolle, Sprache;<br \/>\nDatum und Uhrzeit des Zugriffs, H\u00e4ufigkeit und andere Kommunikationsdaten;<br \/>\nInformationen \u00fcber den Computer und die Internetverbindung, einschlie\u00dflich Betriebssystem, Hostdom\u00e4ne und Browsertyp (z. B. Internet Explorer); oder<br \/>\nDetails zur empfohlenen Website (URL).<br \/>\nDie Informationen, die wir automatisch sammeln, sind statistische Daten, die uns helfen k\u00f6nnen, unsere Website zu verbessern und bessere und personalisiertere Dienste anzubieten, einschlie\u00dflich der M\u00f6glichkeit:<br \/>\nBestimmen Sie Website-Traffic-Muster;<br \/>\nZ\u00e4hlen Sie die Anzahl der Website-Besuche;<br \/>\nIdentifizieren Sie die Quelle des Datenverkehrs, damit wir die Leistung der Website messen und verbessern k\u00f6nnen;<br \/>\ndiese Informationen an Dritte weitergeben oder verkaufen;<br \/>\nHelfen Sie uns zu verstehen, welche Seiten und Inhalte am beliebtesten und am wenigsten beliebt sind; und<br \/>\nBestimmen Sie die H\u00e4ufigkeit und das letzte Datum Ihres Besuchs auf unserer Website.<\/p>\n<p>&nbsp;<\/p>\n<ol start=\"7\">\n<li>Cookies und andere Technologien<\/li>\n<\/ol>\n<p>When you visit our website or interact with our emails, we use cookies, web beacons\/pixel tags, and other technologies (collectively referred to as \"cookies\") to identify you. \"Cookies\" are small amounts of data cached or stored on a computer-based on Internet activity. These cookies can be passed in the context of a first-party or a third party. For example, we may collect information about your browser type and version, operating system, user language, ISP, web pages viewed, links clicked, IP address, whether there is a \"Flash\" plug-in, screen resolution, and connection information. Types, websites visited before and after visiting our website, detailed information about the goods purchased, and emails you send, forward or click to enter our website. By collecting this information, we can better understand how you interact with our website; provide you with a more personalized and optimized online experience by tracking your preferences; improve our website; perform contracts with our business partners; help Confirm receipt and reply to our email; and provide more effective customer service. For more information about the cookies we collect and how to disable them, please visit our Cookie Policy and section 9 below. Social media plugins. Our website uses so-called social plug-ins (\"plug-ins\") from the social networks Facebook, Twitter, and LinkedIn. These plugins are indicated by the respective logos of the social networks. When you visit the site, your browser will establish a direct connection with the servers of these social networks. The social network transfers the content of the plug-in directly to your browser and then integrates it into the website. The integration of plug-ins allows social media networks to receive the information you have loaded on the corresponding pages of the site. For example, if you log in with Facebook, it will be able to assign your visit to your account. When you visit our website, whether you interact with the plug-in or not, you have already exchanged this information. If you interact with the plug-in, the corresponding information will be sent directly to Facebook via your browser and saved there. You can find information on how social networks use data, as well as your rights and optional settings on social networking sites to protect your privacy. If you do not want social networks to collect data about you through our website, you must log in to the social network domain before visiting the website. In order to prevent the exchange of information with social networks during your visit to our website, you can opt-out of cookies through your browser settings and other tools.<\/p>\n<p>&nbsp;<\/p>\n<ol start=\"8\">\n<li>Wie teilen wir Informationen?<\/li>\n<\/ol>\n<p>Unser Unternehmen verpflichtet sich, Ihre personenbezogenen Daten vertraulich zu behandeln. Au\u00dfer wie in dieser Datenschutzrichtlinie vorgesehen, werden wir Ihre auf der Website gesammelten personenbezogenen Daten nicht an Dritte verkaufen, handeln oder vermieten. Wir k\u00f6nnen Ihre personenbezogenen Daten gem\u00e4\u00df den folgenden gesetzlichen Anforderungen oder Genehmigungen weitergeben:<br \/>\nIm t\u00e4glichen Gesch\u00e4ftsprozess darf jedes Tochterunternehmen von Anhui Chengxi Import And Export Co., Ltd. Ihre personenbezogenen Daten nur f\u00fcr die in dieser Datenschutzrichtlinie beschriebenen Zwecke verwenden (z. B. um auf Ihre Anfragen zu unseren Produkten und Dienstleistungen zu antworten);<br \/>\nMit Auftragnehmern, Anbietern und Lieferanten, die in unserem Namen Dienstleistungen f\u00fcr uns erbringen, wie z. B. die Bearbeitung und Erf\u00fcllung von Bestellungen; Datenanalyse und -speicherung; Unterst\u00fctzung beim Direktmarketing und der Verteilung von E-Mails und anderen Mitteilungen; Betrugspr\u00e4vention; Lieferung und Logistik; und andere Zwecke der oben genannten Sammlung erf\u00fcllen;<br \/>\nWenn wir oder eines unserer verbundenen Unternehmen Konkurs oder die \u00dcbertragung von Eigentum (oder Verm\u00f6genswerten) im Zusammenhang mit der geplanten oder vollst\u00e4ndigen Unternehmensumstrukturierung eines unserer verbundenen Unternehmen anmelden, wie z. B. tats\u00e4chliche oder potenzielle Fusionen, \u00dcbernahmen oder Verk\u00e4ufe von Gesch\u00e4ftseinheiten;<br \/>\nEinhaltung gesetzlicher Vorschriften und beh\u00f6rdlicher Auflagen oder Unterst\u00fctzung von Audit-, Compliance- und Corporate-Governance-Funktionen nach Bedarf;<br \/>\nZur Bek\u00e4mpfung von Betrug oder kriminellen Aktivit\u00e4ten und zum Schutz der Rechte von uns oder unseren verbundenen Unternehmen, Benutzern und Gesch\u00e4ftspartnern oder im Rahmen von Gerichtsverfahren, die unser Unternehmen betreffen, einschlie\u00dflich der Durchsetzung unserer Allgemeinen Gesch\u00e4ftsbedingungen.<\/p>","protected":false},"excerpt":{"rendered":"The privacy and security of your information is very important to us.\nPlease view the full privacy policy below to le...","protected":false},"author":1,"featured_media":0,"parent":0,"menu_order":0,"comment_status":"closed","ping_status":"closed","template":"page\/privacy.php","meta":{"_acf_changed":false,"footnotes":""},"class_list":["post-22","page","type-page","status-publish","hentry"],"acf":[],"yoast_head":"<!-- This site is optimized with the Yoast SEO plugin v24.6 - https:\/\/yoast.com\/wordpress\/plugins\/seo\/ -->\n<title>Privacy - China professional labor insurance shoes manufacturer<\/title>\n<meta name=\"robots\" content=\"noindex, follow, max-snippet:-1, max-image-preview:large, max-video-preview:-1\" \/>\n<meta property=\"og:locale\" content=\"de_DE\" \/>\n<meta property=\"og:type\" content=\"article\" \/>\n<meta property=\"og:title\" content=\"Privacy - China professional labor insurance shoes manufacturer\" \/>\n<meta property=\"og:description\" content=\"The privacy and security of your information is very important to us. Please view the full privacy policy below to learn more. Introduction This privacy policy explains how our company and its affiliates collect and use your information. Our privacy policy applies to all people who visit and use our website, our company and online [&hellip;]\" \/>\n<meta property=\"og:url\" content=\"https:\/\/10906.snkjdongming.com\/de\/privatsphare\/\" \/>\n<meta property=\"og:site_name\" content=\"China professional labor insurance shoes manufacturer\" \/>\n<meta property=\"article:modified_time\" content=\"2022-12-08T06:17:29+00:00\" \/>\n<meta name=\"twitter:card\" content=\"summary_large_image\" \/>\n<meta name=\"twitter:label1\" content=\"Gesch\u00e4tzte Lesezeit\" \/>\n\t<meta name=\"twitter:data1\" content=\"10\u00a0Minuten\" \/>\n<script type=\"application\/ld+json\" class=\"yoast-schema-graph\">{\"@context\":\"https:\/\/schema.org\",\"@graph\":[{\"@type\":\"WebPage\",\"@id\":\"https:\/\/10906.snkjdongming.com\/privacy\/\",\"url\":\"https:\/\/10906.snkjdongming.com\/privacy\/\",\"name\":\"Privacy - China professional labor insurance shoes manufacturer\",\"isPartOf\":{\"@id\":\"https:\/\/10906.snkjdongming.com\/#website\"},\"datePublished\":\"2022-09-15T09:11:32+00:00\",\"dateModified\":\"2022-12-08T06:17:29+00:00\",\"breadcrumb\":{\"@id\":\"https:\/\/10906.snkjdongming.com\/privacy\/#breadcrumb\"},\"inLanguage\":\"de\",\"potentialAction\":[{\"@type\":\"ReadAction\",\"target\":[\"https:\/\/10906.snkjdongming.com\/privacy\/\"]}]},{\"@type\":\"BreadcrumbList\",\"@id\":\"https:\/\/10906.snkjdongming.com\/privacy\/#breadcrumb\",\"itemListElement\":[{\"@type\":\"ListItem\",\"position\":1,\"name\":\"Home\",\"item\":\"https:\/\/10906.snkjdongming.com\/\"},{\"@type\":\"ListItem\",\"position\":2,\"name\":\"Privacy\"}]},{\"@type\":\"WebSite\",\"@id\":\"https:\/\/10906.snkjdongming.com\/#website\",\"url\":\"https:\/\/10906.snkjdongming.com\/\",\"name\":\"China professional labor insurance shoes manufacturer\",\"description\":\"SINO\",\"potentialAction\":[{\"@type\":\"SearchAction\",\"target\":{\"@type\":\"EntryPoint\",\"urlTemplate\":\"https:\/\/10906.snkjdongming.com\/?s={search_term_string}\"},\"query-input\":{\"@type\":\"PropertyValueSpecification\",\"valueRequired\":true,\"valueName\":\"search_term_string\"}}],\"inLanguage\":\"de\"}]}<\/script>\n<!-- \/ Yoast SEO plugin. -->","yoast_head_json":{"title":"Privacy - China professional labor insurance shoes manufacturer","robots":{"index":"noindex","follow":"follow","max-snippet":"max-snippet:-1","max-image-preview":"max-image-preview:large","max-video-preview":"max-video-preview:-1"},"og_locale":"de_DE","og_type":"article","og_title":"Privacy - China professional labor insurance shoes manufacturer","og_description":"The privacy and security of your information is very important to us. Please view the full privacy policy below to learn more. Introduction This privacy policy explains how our company and its affiliates collect and use your information. Our privacy policy applies to all people who visit and use our website, our company and online [&hellip;]","og_url":"https:\/\/10906.snkjdongming.com\/de\/privatsphare\/","og_site_name":"China professional labor insurance shoes manufacturer","article_modified_time":"2022-12-08T06:17:29+00:00","twitter_card":"summary_large_image","twitter_misc":{"Gesch\u00e4tzte Lesezeit":"10\u00a0Minuten"},"schema":{"@context":"https:\/\/schema.org","@graph":[{"@type":"WebPage","@id":"https:\/\/10906.snkjdongming.com\/privacy\/","url":"https:\/\/10906.snkjdongming.com\/privacy\/","name":"Privacy - China professional labor insurance shoes manufacturer","isPartOf":{"@id":"https:\/\/10906.snkjdongming.com\/#website"},"datePublished":"2022-09-15T09:11:32+00:00","dateModified":"2022-12-08T06:17:29+00:00","breadcrumb":{"@id":"https:\/\/10906.snkjdongming.com\/privacy\/#breadcrumb"},"inLanguage":"de","potentialAction":[{"@type":"ReadAction","target":["https:\/\/10906.snkjdongming.com\/privacy\/"]}]},{"@type":"BreadcrumbList","@id":"https:\/\/10906.snkjdongming.com\/privacy\/#breadcrumb","itemListElement":[{"@type":"ListItem","position":1,"name":"Home","item":"https:\/\/10906.snkjdongming.com\/"},{"@type":"ListItem","position":2,"name":"Privacy"}]},{"@type":"WebSite","@id":"https:\/\/10906.snkjdongming.com\/#website","url":"https:\/\/10906.snkjdongming.com\/","name":"China professional labor insurance shoes manufacturer","description":"SINO","potentialAction":[{"@type":"SearchAction","target":{"@type":"EntryPoint","urlTemplate":"https:\/\/10906.snkjdongming.com\/?s={search_term_string}"},"query-input":{"@type":"PropertyValueSpecification","valueRequired":true,"valueName":"search_term_string"}}],"inLanguage":"de"}]}},"_links":{"self":[{"href":"https:\/\/10906.snkjdongming.com\/de\/wp-json\/wp\/v2\/pages\/22","targetHints":{"allow":["GET"]}}],"collection":[{"href":"https:\/\/10906.snkjdongming.com\/de\/wp-json\/wp\/v2\/pages"}],"about":[{"href":"https:\/\/10906.snkjdongming.com\/de\/wp-json\/wp\/v2\/types\/page"}],"author":[{"embeddable":true,"href":"https:\/\/10906.snkjdongming.com\/de\/wp-json\/wp\/v2\/users\/1"}],"replies":[{"embeddable":true,"href":"https:\/\/10906.snkjdongming.com\/de\/wp-json\/wp\/v2\/comments?post=22"}],"version-history":[{"count":3,"href":"https:\/\/10906.snkjdongming.com\/de\/wp-json\/wp\/v2\/pages\/22\/revisions"}],"predecessor-version":[{"id":365,"href":"https:\/\/10906.snkjdongming.com\/de\/wp-json\/wp\/v2\/pages\/22\/revisions\/365"}],"wp:attachment":[{"href":"https:\/\/10906.snkjdongming.com\/de\/wp-json\/wp\/v2\/media?parent=22"}],"curies":[{"name":"wp","href":"https:\/\/api.w.org\/{rel}","templated":true}]}}