
{"id":22,"date":"2022-09-15T17:11:32","date_gmt":"2022-09-15T09:11:32","guid":{"rendered":"https:\/\/10906.snkjdongming.com\/?page_id=22"},"modified":"2022-12-08T14:17:29","modified_gmt":"2022-12-08T06:17:29","slug":"privacy","status":"publish","type":"page","link":"https:\/\/10906.snkjdongming.com\/es\/privacidad\/","title":{"rendered":"Privacidad"},"content":{"rendered":"<p>La privacidad y seguridad de su informaci\u00f3n es muy importante para nosotros.<br \/>\nConsulte la pol\u00edtica de privacidad completa a continuaci\u00f3n para obtener m\u00e1s informaci\u00f3n.<\/p>\n<ol>\n<li>Introducci\u00f3n<\/li>\n<\/ol>\n<p>This privacy policy explains how our company and its affiliates collect and use your information. Our privacy policy applies to all people who visit and use our website, our company and online services, and the websites and online services provided by our members (collectively referred to as \"sites\"). Affiliated companies are entities directly or indirectly owned by our company, or entities controlled or jointly controlled by our company. References to \"basic health\", \"us\", \"our\" or \"us\" in this privacy policy refer to the entity responsible for the collection and use of your personal data, usually the entity that obtains your personal data in each case under. This entity is also called the data controller. This privacy policy does not cover the websites and online services operated by our company or our affiliated companies. These websites and online services have separate privacy policies and are not linked to this privacy policy or merged by reference. Different privacy policies may also apply to other parts of our website, such as password-protected areas or web pages used for online recruitment. Our privacy policy only applies to activities we engage in on this website and does not apply to activities that are \"offline\" or unrelated to this website. This privacy policy has been incorporated into our terms and conditions, and the same applies when you use our website. By using this website and providing your personal data and other information through this website, you acknowledge that your personal data will be processed in accordance with the terms of this privacy policy. If you do not agree with the practices described in this privacy policy, please do not provide us with your personal data or interact with the website in other ways. We reserve the right to modify this privacy policy at any time. If we make any major changes to our privacy policy, we will provide notice on this website before the changes take effect. You can determine the latest revision date of this privacy policy by referring to the \"last updated\" date above. You can view the latest version of this privacy policy. We recommend that you regularly check the privacy policy for any changes.<\/p>\n<p>&nbsp;<\/p>\n<ol start=\"2\">\n<li>\u00bfQu\u00e9 datos personales recopilamos sobre usted?<\/li>\n<\/ol>\n<p>Los datos personales utilizados en esta pol\u00edtica de privacidad se refieren a cualquier informaci\u00f3n relacionada con un individuo identificado o identificable, o seg\u00fan lo definido por las leyes aplicables. Cuando visite nuestro sitio web e interact\u00fae voluntariamente con \u00e9l, recopilaremos los siguientes datos personales:<br \/>\nTu nombre y apellido;<br \/>\nNombre de empresa;<br \/>\ndirecci\u00f3n de Protocolo de Internet (IP);<br \/>\nInformaci\u00f3n de contacto (por ejemplo, n\u00famero de tel\u00e9fono, direcci\u00f3n de correo electr\u00f3nico);<br \/>\nu otra informaci\u00f3n que usted proporcione voluntariamente.<\/p>\n<p>&nbsp;<\/p>\n<ol start=\"3\">\n<li>\u00bfCu\u00e1ndo recopilamos datos personales sobre usted?<\/li>\n<\/ol>\n<p>A menos que elija voluntariamente divulgar dicha informaci\u00f3n, nuestra empresa no recopilar\u00e1 ning\u00fan dato personal suyo a trav\u00e9s de este sitio web. Es posible que le pidamos que proporcione ciertos datos personales en diferentes momentos y lugares del sitio web. En algunos casos, si elige no proporcionarnos los datos personales solicitados, es posible que no pueda acceder a todo el contenido de este sitio web o participar en todas sus funciones. Por ejemplo, podemos recopilar datos personales suyos cuando realiza las siguientes acciones:<br \/>\nComprar productos de nuestra empresa a trav\u00e9s de nuestro sitio web;<br \/>\nAbra o responda a nuestro correo electr\u00f3nico;<br \/>\nCuando nos proporciona informaci\u00f3n voluntariamente a trav\u00e9s de encuestas a clientes, podemos vincularla a los datos personales que hemos recopilado previamente sobre usted;<br \/>\nContact customer service, use our \"connect\" function to talk to our company representatives, or use our customer support tools;<br \/>\nConnect, link or \"share\" our website through social networking sites;<br \/>\nSi nos proporciona datos personales de un tercero, significa que le ha proporcionado un aviso al tercero y ha sido autorizado por el tercero para proporcionar dicha informaci\u00f3n.<\/p>\n<p>&nbsp;<\/p>\n<ol start=\"4\">\n<li>\u00bfC\u00f3mo utilizamos los datos personales?<\/li>\n<\/ol>\n<p>Nuestra empresa utiliza los datos personales que recopilamos para brindarle servicios o celebrar un acuerdo contractual con usted cuando visita nuestro sitio web. Esto incluye:<br \/>\nCree una cuenta de sitio web en l\u00ednea para usted de acuerdo con sus requisitos;<br \/>\nProporcionar servicio al cliente (por ejemplo, responder a sus preguntas o responder a solicitudes);<br \/>\nEnviarle recordatorios, actualizaciones, soporte, mensajes de gesti\u00f3n, anuncios de servicio e informaci\u00f3n solicitada;<br \/>\nUsaremos los datos personales buscados por un tercero o por nosotros por motivos comerciales leg\u00edtimos, siempre que los datos sean compatibles con sus derechos y expectativas de privacidad. Esto incluye:<br \/>\nOperar, mantener y mejorar este sitio web, nuestros servicios y nuestros productos;<br \/>\nRealizar an\u00e1lisis y realizar investigaciones de clientes;<br \/>\nVerificar su capacidad para acceder o usar ciertos productos o servicios que solo est\u00e1n disponibles para personas que cumplan con ciertos requisitos o est\u00e1ndares de calificaci\u00f3n, como profesionales de la salud;<br \/>\nPermitirle interactuar con ciertos proveedores de servicios de contenido de terceros (por ejemplo, para permitirle vincular o ver contenido de sitios web de terceros dentro de este sitio web, o ver nuestro contenido en sitios web de terceros);<br \/>\nPermitirle elegir participar en las funciones interactivas de nuestro sitio web;<br \/>\nAdministrar encuestas en l\u00ednea u ofertas especiales proporcionadas por nosotros o a trav\u00e9s de nuestros socios comerciales externos;<br \/>\nMejorar nuestro sitio web, el servicio al cliente, los productos y servicios y la experiencia general del usuario;<br \/>\nMejorar otra informaci\u00f3n que tenemos sobre usted para ayudarnos a comprenderlo mejor y determinar sus intereses;<br \/>\nDeterminar sus preferencias para que podamos notificarle sobre nuevos productos u otros productos, servicios y promociones que puedan ser de su inter\u00e9s;<br \/>\nNuestra empresa tambi\u00e9n tiene una base legal para usar sus datos personales:<br \/>\nPara prevenir el fraude, la seguridad p\u00fablica y hacer cumplir las obligaciones y t\u00e9rminos y condiciones de informes de nuestra empresa, y cumplir con las leyes, reglamentos, \u00f3rdenes judiciales, citaciones u otros procedimientos legales.<br \/>\nWhere required by law, we may also use the information collected in accordance with this privacy policy with your \"opt-in\" consent to provide you with goods or services that we think may be of interest to you Information.<\/p>\n<p>&nbsp;<\/p>\n<ol start=\"5\">\n<li>\u00bfC\u00f3mo tratar los datos personales sensibles?<\/li>\n<\/ol>\n<p>The sensitive personal data used in the privacy policy (also referred to as \"special categories of personal data\") refers to data related to your race or ethnicity, political opinions, religion or other beliefs, health, genetic or biological characteristics, sexual life, or sexuality. Information about orientation, criminal background or union membership. Our company only collects sensitive personal data in the following limited circumstances:<br \/>\nCon su consentimiento expl\u00edcito;<br \/>\nProteger los intereses vitales de usted o de otros si no puede estar de acuerdo f\u00edsica o legalmente;<br \/>\nSi el tratamiento es necesario con fines preventivos o de medicina ocupacional, prestar atenci\u00f3n o tratamiento sanitario o social o gestionar los sistemas y servicios sanitarios o sociales de conformidad con la legislaci\u00f3n de la Uni\u00f3n o de los Estados miembros o de conformidad con los contratos con profesionales sanitarios; o utilizado para establecer, ejercer o defender reclamaciones legales, o en la medida permitida y requerida por las leyes aplicables.<br \/>\nA menos que las leyes aplicables exijan lo contrario, no es necesario que nos proporcione ning\u00fan dato personal confidencial cuando utilice nuestro sitio web. Si decide no hacerlo, su decisi\u00f3n no le impedir\u00e1 utilizar nuestro sitio web.<\/p>\n<p>&nbsp;<\/p>\n<ol start=\"6\">\n<li>\u00bfQu\u00e9 otra informaci\u00f3n recopilamos?<\/li>\n<\/ol>\n<p>Al igual que muchos otros sitios web, cuando navega e interact\u00faa con nuestro sitio web, podemos usar tecnolog\u00eda de recopilaci\u00f3n autom\u00e1tica para recopilar cierta informaci\u00f3n sobre su dispositivo, operaciones de navegaci\u00f3n y patrones, que incluyen:<br \/>\nLos detalles de su visita a nuestro sitio web, incluidos los recursos que visita y utiliza en nuestro sitio web, datos de tr\u00e1fico, datos de ubicaci\u00f3n, registros, idioma;<br \/>\nFecha y hora de acceso, frecuencia y otros datos de comunicaci\u00f3n;<br \/>\nInformaci\u00f3n sobre la computadora y la conexi\u00f3n a Internet, incluido el sistema operativo, el dominio del host y el tipo de navegador (como Internet Explorer); o<br \/>\nDetalles del sitio web recomendado (URL).<br \/>\nLa informaci\u00f3n que recopilamos autom\u00e1ticamente son datos estad\u00edsticos que pueden ayudarnos a mejorar nuestro sitio web y brindar servicios mejores y m\u00e1s personalizados, lo que incluye permitirnos:<br \/>\nDeterminar los patrones de tr\u00e1fico del sitio web;<br \/>\nCuente el n\u00famero de visitas al sitio;<br \/>\nIdentificar la fuente de tr\u00e1fico para que podamos medir y mejorar el rendimiento del sitio web;<br \/>\nCompartir o vender dicha informaci\u00f3n a terceros;<br \/>\nAy\u00fadanos a comprender qu\u00e9 p\u00e1ginas y contenido son los m\u00e1s populares y los menos populares; y<br \/>\nDeterminar la frecuencia y \u00faltima fecha de su visita a nuestro sitio web.<\/p>\n<p>&nbsp;<\/p>\n<ol start=\"7\">\n<li>Cookies y otras tecnolog\u00edas<\/li>\n<\/ol>\n<p>When you visit our website or interact with our emails, we use cookies, web beacons\/pixel tags, and other technologies (collectively referred to as \"cookies\") to identify you. \"Cookies\" are small amounts of data cached or stored on a computer-based on Internet activity. These cookies can be passed in the context of a first-party or a third party. For example, we may collect information about your browser type and version, operating system, user language, ISP, web pages viewed, links clicked, IP address, whether there is a \"Flash\" plug-in, screen resolution, and connection information. Types, websites visited before and after visiting our website, detailed information about the goods purchased, and emails you send, forward or click to enter our website. By collecting this information, we can better understand how you interact with our website; provide you with a more personalized and optimized online experience by tracking your preferences; improve our website; perform contracts with our business partners; help Confirm receipt and reply to our email; and provide more effective customer service. For more information about the cookies we collect and how to disable them, please visit our Cookie Policy and section 9 below. Social media plugins. Our website uses so-called social plug-ins (\"plug-ins\") from the social networks Facebook, Twitter, and LinkedIn. These plugins are indicated by the respective logos of the social networks. When you visit the site, your browser will establish a direct connection with the servers of these social networks. The social network transfers the content of the plug-in directly to your browser and then integrates it into the website. The integration of plug-ins allows social media networks to receive the information you have loaded on the corresponding pages of the site. For example, if you log in with Facebook, it will be able to assign your visit to your account. When you visit our website, whether you interact with the plug-in or not, you have already exchanged this information. If you interact with the plug-in, the corresponding information will be sent directly to Facebook via your browser and saved there. You can find information on how social networks use data, as well as your rights and optional settings on social networking sites to protect your privacy. If you do not want social networks to collect data about you through our website, you must log in to the social network domain before visiting the website. In order to prevent the exchange of information with social networks during your visit to our website, you can opt-out of cookies through your browser settings and other tools.<\/p>\n<p>&nbsp;<\/p>\n<ol start=\"8\">\n<li>\u00bfC\u00f3mo compartimos informaci\u00f3n?<\/li>\n<\/ol>\n<p>Nuestra empresa se compromete a mantener la confidencialidad de sus datos personales. Salvo lo dispuesto en esta pol\u00edtica de privacidad, no venderemos, comercializaremos ni alquilaremos sus datos personales recopilados en el sitio web a terceros. Podemos compartir sus datos personales de acuerdo con los siguientes requisitos o permisos legales:<br \/>\nEn el proceso comercial diario, cualquier empresa afiliada de Anhui Chengxi Import And Export Co., Ltd. solo puede usar sus datos personales para los fines descritos en esta pol\u00edtica de privacidad (por ejemplo, para responder a sus consultas sobre nuestros productos y servicios);<br \/>\nCon contratistas, vendedores y proveedores que nos brindan servicios en nuestro nombre, como el procesamiento y cumplimiento de pedidos; an\u00e1lisis y almacenamiento de datos; ayudar en el marketing directo y la distribuci\u00f3n de correos electr\u00f3nicos y otras comunicaciones; servicios de prevenci\u00f3n de fraude; entrega y log\u00edstica; y Completar otros prop\u00f3sitos de la colecci\u00f3n anterior;<br \/>\nSi nosotros o cualquiera de nuestras empresas afiliadas se declara en quiebra o la transferencia de propiedad (o activos) relacionada con la reorganizaci\u00f3n corporativa propuesta o completa de cualquiera de nuestras afiliadas, como fusiones, adquisiciones o ventas reales o potenciales de unidades comerciales;<br \/>\nCumplir con las \u00f3rdenes legales y los requisitos gubernamentales, o apoyar las funciones de auditor\u00eda, cumplimiento y gobierno corporativo seg\u00fan sea necesario;<br \/>\nPara combatir el fraude o la actividad delictiva, y para proteger nuestros derechos o los de nuestros afiliados, usuarios y socios comerciales, o como parte de procedimientos legales que afecten a nuestra empresa, incluida la aplicaci\u00f3n de nuestros t\u00e9rminos y condiciones.<\/p>","protected":false},"excerpt":{"rendered":"The privacy and security of your information is very important to us.\nPlease view the full privacy policy below to le...","protected":false},"author":1,"featured_media":0,"parent":0,"menu_order":0,"comment_status":"closed","ping_status":"closed","template":"page\/privacy.php","meta":{"_acf_changed":false,"footnotes":""},"class_list":["post-22","page","type-page","status-publish","hentry"],"acf":[],"yoast_head":"<!-- This site is optimized with the Yoast SEO plugin v24.6 - https:\/\/yoast.com\/wordpress\/plugins\/seo\/ -->\n<title>Privacy - China professional labor insurance shoes manufacturer<\/title>\n<meta name=\"robots\" content=\"noindex, follow, max-snippet:-1, max-image-preview:large, max-video-preview:-1\" \/>\n<meta property=\"og:locale\" content=\"es_ES\" \/>\n<meta property=\"og:type\" content=\"article\" \/>\n<meta property=\"og:title\" content=\"Privacy - China professional labor insurance shoes manufacturer\" \/>\n<meta property=\"og:description\" content=\"The privacy and security of your information is very important to us. Please view the full privacy policy below to learn more. Introduction This privacy policy explains how our company and its affiliates collect and use your information. Our privacy policy applies to all people who visit and use our website, our company and online [&hellip;]\" \/>\n<meta property=\"og:url\" content=\"https:\/\/10906.snkjdongming.com\/es\/privacidad\/\" \/>\n<meta property=\"og:site_name\" content=\"China professional labor insurance shoes manufacturer\" \/>\n<meta property=\"article:modified_time\" content=\"2022-12-08T06:17:29+00:00\" \/>\n<meta name=\"twitter:card\" content=\"summary_large_image\" \/>\n<meta name=\"twitter:label1\" content=\"Tiempo de lectura\" \/>\n\t<meta name=\"twitter:data1\" content=\"10 minutos\" \/>\n<script type=\"application\/ld+json\" class=\"yoast-schema-graph\">{\"@context\":\"https:\/\/schema.org\",\"@graph\":[{\"@type\":\"WebPage\",\"@id\":\"https:\/\/10906.snkjdongming.com\/privacy\/\",\"url\":\"https:\/\/10906.snkjdongming.com\/privacy\/\",\"name\":\"Privacy - China professional labor insurance shoes manufacturer\",\"isPartOf\":{\"@id\":\"https:\/\/10906.snkjdongming.com\/#website\"},\"datePublished\":\"2022-09-15T09:11:32+00:00\",\"dateModified\":\"2022-12-08T06:17:29+00:00\",\"breadcrumb\":{\"@id\":\"https:\/\/10906.snkjdongming.com\/privacy\/#breadcrumb\"},\"inLanguage\":\"es\",\"potentialAction\":[{\"@type\":\"ReadAction\",\"target\":[\"https:\/\/10906.snkjdongming.com\/privacy\/\"]}]},{\"@type\":\"BreadcrumbList\",\"@id\":\"https:\/\/10906.snkjdongming.com\/privacy\/#breadcrumb\",\"itemListElement\":[{\"@type\":\"ListItem\",\"position\":1,\"name\":\"Home\",\"item\":\"https:\/\/10906.snkjdongming.com\/\"},{\"@type\":\"ListItem\",\"position\":2,\"name\":\"Privacy\"}]},{\"@type\":\"WebSite\",\"@id\":\"https:\/\/10906.snkjdongming.com\/#website\",\"url\":\"https:\/\/10906.snkjdongming.com\/\",\"name\":\"China professional labor insurance shoes manufacturer\",\"description\":\"SINO\",\"potentialAction\":[{\"@type\":\"SearchAction\",\"target\":{\"@type\":\"EntryPoint\",\"urlTemplate\":\"https:\/\/10906.snkjdongming.com\/?s={search_term_string}\"},\"query-input\":{\"@type\":\"PropertyValueSpecification\",\"valueRequired\":true,\"valueName\":\"search_term_string\"}}],\"inLanguage\":\"es\"}]}<\/script>\n<!-- \/ Yoast SEO plugin. -->","yoast_head_json":{"title":"Privacy - China professional labor insurance shoes manufacturer","robots":{"index":"noindex","follow":"follow","max-snippet":"max-snippet:-1","max-image-preview":"max-image-preview:large","max-video-preview":"max-video-preview:-1"},"og_locale":"es_ES","og_type":"article","og_title":"Privacy - China professional labor insurance shoes manufacturer","og_description":"The privacy and security of your information is very important to us. Please view the full privacy policy below to learn more. Introduction This privacy policy explains how our company and its affiliates collect and use your information. Our privacy policy applies to all people who visit and use our website, our company and online [&hellip;]","og_url":"https:\/\/10906.snkjdongming.com\/es\/privacidad\/","og_site_name":"China professional labor insurance shoes manufacturer","article_modified_time":"2022-12-08T06:17:29+00:00","twitter_card":"summary_large_image","twitter_misc":{"Tiempo de lectura":"10 minutos"},"schema":{"@context":"https:\/\/schema.org","@graph":[{"@type":"WebPage","@id":"https:\/\/10906.snkjdongming.com\/privacy\/","url":"https:\/\/10906.snkjdongming.com\/privacy\/","name":"Privacy - China professional labor insurance shoes manufacturer","isPartOf":{"@id":"https:\/\/10906.snkjdongming.com\/#website"},"datePublished":"2022-09-15T09:11:32+00:00","dateModified":"2022-12-08T06:17:29+00:00","breadcrumb":{"@id":"https:\/\/10906.snkjdongming.com\/privacy\/#breadcrumb"},"inLanguage":"es","potentialAction":[{"@type":"ReadAction","target":["https:\/\/10906.snkjdongming.com\/privacy\/"]}]},{"@type":"BreadcrumbList","@id":"https:\/\/10906.snkjdongming.com\/privacy\/#breadcrumb","itemListElement":[{"@type":"ListItem","position":1,"name":"Home","item":"https:\/\/10906.snkjdongming.com\/"},{"@type":"ListItem","position":2,"name":"Privacy"}]},{"@type":"WebSite","@id":"https:\/\/10906.snkjdongming.com\/#website","url":"https:\/\/10906.snkjdongming.com\/","name":"China professional labor insurance shoes manufacturer","description":"SINO","potentialAction":[{"@type":"SearchAction","target":{"@type":"EntryPoint","urlTemplate":"https:\/\/10906.snkjdongming.com\/?s={search_term_string}"},"query-input":{"@type":"PropertyValueSpecification","valueRequired":true,"valueName":"search_term_string"}}],"inLanguage":"es"}]}},"_links":{"self":[{"href":"https:\/\/10906.snkjdongming.com\/es\/wp-json\/wp\/v2\/pages\/22","targetHints":{"allow":["GET"]}}],"collection":[{"href":"https:\/\/10906.snkjdongming.com\/es\/wp-json\/wp\/v2\/pages"}],"about":[{"href":"https:\/\/10906.snkjdongming.com\/es\/wp-json\/wp\/v2\/types\/page"}],"author":[{"embeddable":true,"href":"https:\/\/10906.snkjdongming.com\/es\/wp-json\/wp\/v2\/users\/1"}],"replies":[{"embeddable":true,"href":"https:\/\/10906.snkjdongming.com\/es\/wp-json\/wp\/v2\/comments?post=22"}],"version-history":[{"count":3,"href":"https:\/\/10906.snkjdongming.com\/es\/wp-json\/wp\/v2\/pages\/22\/revisions"}],"predecessor-version":[{"id":365,"href":"https:\/\/10906.snkjdongming.com\/es\/wp-json\/wp\/v2\/pages\/22\/revisions\/365"}],"wp:attachment":[{"href":"https:\/\/10906.snkjdongming.com\/es\/wp-json\/wp\/v2\/media?parent=22"}],"curies":[{"name":"wp","href":"https:\/\/api.w.org\/{rel}","templated":true}]}}