
{"id":22,"date":"2022-09-15T17:11:32","date_gmt":"2022-09-15T09:11:32","guid":{"rendered":"https:\/\/10906.snkjdongming.com\/?page_id=22"},"modified":"2022-12-08T14:17:29","modified_gmt":"2022-12-08T06:17:29","slug":"privacy","status":"publish","type":"page","link":"https:\/\/10906.snkjdongming.com\/fr\/intimite\/","title":{"rendered":"Confidentialit\u00e9"},"content":{"rendered":"<p>La confidentialit\u00e9 et la s\u00e9curit\u00e9 de vos informations sont tr\u00e8s importantes pour nous.<br \/>\nVeuillez consulter la politique de confidentialit\u00e9 compl\u00e8te ci-dessous pour en savoir plus.<\/p>\n<ol>\n<li>Introduction<\/li>\n<\/ol>\n<p>This privacy policy explains how our company and its affiliates collect and use your information. Our privacy policy applies to all people who visit and use our website, our company and online services, and the websites and online services provided by our members (collectively referred to as \"sites\"). Affiliated companies are entities directly or indirectly owned by our company, or entities controlled or jointly controlled by our company. References to \"basic health\", \"us\", \"our\" or \"us\" in this privacy policy refer to the entity responsible for the collection and use of your personal data, usually the entity that obtains your personal data in each case under. This entity is also called the data controller. This privacy policy does not cover the websites and online services operated by our company or our affiliated companies. These websites and online services have separate privacy policies and are not linked to this privacy policy or merged by reference. Different privacy policies may also apply to other parts of our website, such as password-protected areas or web pages used for online recruitment. Our privacy policy only applies to activities we engage in on this website and does not apply to activities that are \"offline\" or unrelated to this website. This privacy policy has been incorporated into our terms and conditions, and the same applies when you use our website. By using this website and providing your personal data and other information through this website, you acknowledge that your personal data will be processed in accordance with the terms of this privacy policy. If you do not agree with the practices described in this privacy policy, please do not provide us with your personal data or interact with the website in other ways. We reserve the right to modify this privacy policy at any time. If we make any major changes to our privacy policy, we will provide notice on this website before the changes take effect. You can determine the latest revision date of this privacy policy by referring to the \"last updated\" date above. You can view the latest version of this privacy policy. We recommend that you regularly check the privacy policy for any changes.<\/p>\n<p>&nbsp;<\/p>\n<ol start=\"2\">\n<li>Quelles donn\u00e9es personnelles collectons-nous \u00e0 votre sujet ?<\/li>\n<\/ol>\n<p>Les donn\u00e9es personnelles utilis\u00e9es dans cette politique de confidentialit\u00e9 font r\u00e9f\u00e9rence \u00e0 toute information relative \u00e0 une personne identifi\u00e9e ou identifiable, ou telle que d\u00e9finie par les lois applicables. Lorsque vous visitez notre site Web et que vous interagissez volontairement avec celui-ci, nous collectons les donn\u00e9es personnelles suivantes\u00a0:<br \/>\nVotre nom et pr\u00e9nom ;<br \/>\nNom de l&#039;entreprise;<br \/>\nAdresse de protocole Internet (IP)\u00a0;<br \/>\nCoordonn\u00e9es (par exemple, num\u00e9ro de t\u00e9l\u00e9phone, adresse e-mail)\u00a0;<br \/>\nou, Autres informations que vous fournissez volontairement.<\/p>\n<p>&nbsp;<\/p>\n<ol start=\"3\">\n<li>Quand collectons-nous des donn\u00e9es personnelles vous concernant ?<\/li>\n<\/ol>\n<p>\u00c0 moins que vous ne choisissiez volontairement de divulguer ces informations, notre soci\u00e9t\u00e9 ne collectera aucune donn\u00e9e personnelle vous concernant via ce site Web. Nous pouvons vous demander de fournir certaines donn\u00e9es personnelles \u00e0 diff\u00e9rents moments et endroits sur le site Web. Dans certains cas, si vous choisissez de ne pas nous fournir les donn\u00e9es personnelles demand\u00e9es, vous ne pourrez peut-\u00eatre pas acc\u00e9der \u00e0 tout le contenu de ce site Web ou participer \u00e0 toutes ses fonctions. Par exemple, nous pouvons collecter des donn\u00e9es personnelles aupr\u00e8s de vous lorsque vous effectuez les actions suivantes\u00a0:<br \/>\nAcheter des produits de notre soci\u00e9t\u00e9 via notre site Web\u00a0;<br \/>\nOuvrez ou r\u00e9pondez \u00e0 notre e-mail\u00a0;<br \/>\nLorsque vous nous fournissez volontairement des informations par le biais d&#039;enqu\u00eates aupr\u00e8s des clients, nous pouvons les relier aux donn\u00e9es personnelles que nous avons pr\u00e9c\u00e9demment collect\u00e9es \u00e0 votre sujet ;<br \/>\nContact customer service, use our \"connect\" function to talk to our company representatives, or use our customer support tools;<br \/>\nConnect, link or \"share\" our website through social networking sites;<br \/>\nSi vous nous fournissez des donn\u00e9es personnelles d&#039;un tiers, cela signifie que vous avez fourni au tiers un avis et que vous avez \u00e9t\u00e9 autoris\u00e9 par le tiers \u00e0 fournir ces informations.<\/p>\n<p>&nbsp;<\/p>\n<ol start=\"4\">\n<li>Comment utilisons-nous les donn\u00e9es personnelles ?<\/li>\n<\/ol>\n<p>Notre soci\u00e9t\u00e9 utilise les donn\u00e9es personnelles que nous collectons pour vous fournir des services ou conclure un accord contractuel avec vous lorsque vous visitez notre site Web. Ceci comprend:<br \/>\nCr\u00e9er un compte de site Web en ligne pour vous selon vos besoins;<br \/>\nFournir un service client (par exemple, r\u00e9pondre \u00e0 vos questions ou r\u00e9pondre aux demandes)\u00a0;<br \/>\nVous envoyer des rappels, des mises \u00e0 jour, une assistance, des messages de gestion, des annonces de service et les informations demand\u00e9es\u00a0;<br \/>\nNous utiliserons les donn\u00e9es personnelles recherch\u00e9es par un tiers ou par nous pour des raisons commerciales l\u00e9gitimes, tant que les donn\u00e9es sont compatibles avec vos droits et vos attentes en mati\u00e8re de confidentialit\u00e9. Ceci comprend:<br \/>\nExploiter, maintenir et am\u00e9liorer ce site Web, nos services et nos produits\u00a0;<br \/>\nEffectuer des analyses et effectuer des recherches sur les clients\u00a0;<br \/>\nV\u00e9rifier votre capacit\u00e9 \u00e0 acc\u00e9der ou \u00e0 utiliser certains produits ou services qui ne sont disponibles que pour les personnes qui r\u00e9pondent \u00e0 certaines exigences ou normes de qualification, telles que les professionnels de la sant\u00e9\u00a0;<br \/>\nVous permettre d&#039;interagir avec certains fournisseurs de services de contenu tiers (par exemple, pour vous permettre de cr\u00e9er un lien vers ou d&#039;afficher le contenu de sites Web tiers sur ce site Web, ou d&#039;afficher notre contenu sur des sites Web tiers) ;<br \/>\nVous permettre de choisir de participer aux fonctionnalit\u00e9s interactives de notre site Web\u00a0;<br \/>\nG\u00e9rer des sondages en ligne ou des offres sp\u00e9ciales fournies par nous ou par l&#039;interm\u00e9diaire de nos partenaires commerciaux tiers\u00a0;<br \/>\nAm\u00e9liorer notre site Web, notre service client, nos produits et services, ainsi que l&#039;exp\u00e9rience utilisateur globale\u00a0;<br \/>\nAm\u00e9liorer d&#039;autres informations que nous avons sur vous pour nous aider \u00e0 mieux vous comprendre et \u00e0 d\u00e9terminer vos int\u00e9r\u00eats\u00a0;<br \/>\nD\u00e9terminer vos pr\u00e9f\u00e9rences afin que nous puissions vous informer des nouveaux produits ou autres produits, services et promotions susceptibles de vous int\u00e9resser\u00a0;<br \/>\nNotre soci\u00e9t\u00e9 dispose \u00e9galement d&#039;une base l\u00e9gale pour l&#039;utilisation de vos donn\u00e9es personnelles :<br \/>\nPour pr\u00e9venir la fraude, la s\u00e9curit\u00e9 publique et pour faire respecter les obligations de d\u00e9claration et les conditions g\u00e9n\u00e9rales de notre entreprise, et nous conformer aux lois, r\u00e9glementations, ordonnances judiciaires, assignations \u00e0 compara\u00eetre ou autres proc\u00e9dures l\u00e9gales.<br \/>\nWhere required by law, we may also use the information collected in accordance with this privacy policy with your \"opt-in\" consent to provide you with goods or services that we think may be of interest to you Information.<\/p>\n<p>&nbsp;<\/p>\n<ol start=\"5\">\n<li>Comment traiter les donn\u00e9es personnelles sensibles ?<\/li>\n<\/ol>\n<p>The sensitive personal data used in the privacy policy (also referred to as \"special categories of personal data\") refers to data related to your race or ethnicity, political opinions, religion or other beliefs, health, genetic or biological characteristics, sexual life, or sexuality. Information about orientation, criminal background or union membership. Our company only collects sensitive personal data in the following limited circumstances:<br \/>\nAvec votre consentement explicite\u00a0;<br \/>\nProt\u00e9ger vos int\u00e9r\u00eats vitaux ou ceux d&#039;autrui si vous ne pouvez pas vous mettre d&#039;accord physiquement ou l\u00e9galement\u00a0;<br \/>\nSi un traitement est n\u00e9cessaire \u00e0 des fins de m\u00e9decine pr\u00e9ventive ou professionnelle, fournir des soins ou des traitements de sant\u00e9 ou sociaux ou g\u00e9rer des syst\u00e8mes et des services de sant\u00e9 ou de protection sociale conform\u00e9ment aux lois de l&#039;Union ou des \u00c9tats membres ou conform\u00e9ment aux contrats avec les professionnels de la sant\u00e9\u00a0; ou utilis\u00e9 pour \u00e9tablir, exercer ou d\u00e9fendre des r\u00e9clamations l\u00e9gales, ou dans la mesure permise et requise par les lois applicables.<br \/>\nSauf disposition contraire des lois applicables, vous n&#039;avez pas besoin de nous fournir de donn\u00e9es personnelles sensibles lorsque vous utilisez notre site Web. Si vous choisissez de ne pas le faire, votre d\u00e9cision ne vous emp\u00eachera pas d&#039;utiliser notre site Web.<\/p>\n<p>&nbsp;<\/p>\n<ol start=\"6\">\n<li>Quelles autres informations collectons-nous ?<\/li>\n<\/ol>\n<p>Comme de nombreux autres sites Web, lorsque vous naviguez et interagissez avec notre site Web, nous pouvons utiliser la technologie de collecte automatique pour collecter certaines informations sur votre appareil, vos op\u00e9rations de navigation et vos habitudes, notamment\u00a0:<br \/>\nLes d\u00e9tails de votre visite sur notre site Web, y compris les ressources que vous visitez et utilisez sur notre site Web, les donn\u00e9es de trafic, les donn\u00e9es de localisation, les journaux, la langue\u00a0;<br \/>\nDate et heure d&#039;acc\u00e8s, fr\u00e9quence et autres donn\u00e9es de communication\u00a0;<br \/>\nInformations sur l&#039;ordinateur et la connexion Internet, y compris le syst\u00e8me d&#039;exploitation, le domaine h\u00f4te et le type de navigateur (tel qu&#039;Internet Explorer)\u00a0; ou alors<br \/>\nD\u00e9tails du site Web recommand\u00e9 (URL).<br \/>\nLes informations que nous collectons automatiquement sont des donn\u00e9es statistiques qui peuvent nous aider \u00e0 am\u00e9liorer notre site Web et \u00e0 fournir des services de meilleure qualit\u00e9 et plus personnalis\u00e9s, notamment en nous permettant de\u00a0:<br \/>\nD\u00e9terminer les mod\u00e8les de trafic du site\u00a0Web\u00a0;<br \/>\nComptez le nombre de visites du site\u00a0;<br \/>\nIdentifier la source du trafic afin que nous puissions mesurer et am\u00e9liorer les performances du site Web\u00a0;<br \/>\nPartager ou vendre ces informations \u00e0 des tiers\u00a0;<br \/>\nAidez-nous \u00e0 comprendre quelles pages et quels contenus sont les plus populaires et les moins populaires\u00a0; et<br \/>\nD\u00e9terminer la fr\u00e9quence et la derni\u00e8re date de votre visite sur notre site Web.<\/p>\n<p>&nbsp;<\/p>\n<ol start=\"7\">\n<li>Cookies et autres technologies<\/li>\n<\/ol>\n<p>When you visit our website or interact with our emails, we use cookies, web beacons\/pixel tags, and other technologies (collectively referred to as \"cookies\") to identify you. \"Cookies\" are small amounts of data cached or stored on a computer-based on Internet activity. These cookies can be passed in the context of a first-party or a third party. For example, we may collect information about your browser type and version, operating system, user language, ISP, web pages viewed, links clicked, IP address, whether there is a \"Flash\" plug-in, screen resolution, and connection information. Types, websites visited before and after visiting our website, detailed information about the goods purchased, and emails you send, forward or click to enter our website. By collecting this information, we can better understand how you interact with our website; provide you with a more personalized and optimized online experience by tracking your preferences; improve our website; perform contracts with our business partners; help Confirm receipt and reply to our email; and provide more effective customer service. For more information about the cookies we collect and how to disable them, please visit our Cookie Policy and section 9 below. Social media plugins. Our website uses so-called social plug-ins (\"plug-ins\") from the social networks Facebook, Twitter, and LinkedIn. These plugins are indicated by the respective logos of the social networks. When you visit the site, your browser will establish a direct connection with the servers of these social networks. The social network transfers the content of the plug-in directly to your browser and then integrates it into the website. The integration of plug-ins allows social media networks to receive the information you have loaded on the corresponding pages of the site. For example, if you log in with Facebook, it will be able to assign your visit to your account. When you visit our website, whether you interact with the plug-in or not, you have already exchanged this information. If you interact with the plug-in, the corresponding information will be sent directly to Facebook via your browser and saved there. You can find information on how social networks use data, as well as your rights and optional settings on social networking sites to protect your privacy. If you do not want social networks to collect data about you through our website, you must log in to the social network domain before visiting the website. In order to prevent the exchange of information with social networks during your visit to our website, you can opt-out of cookies through your browser settings and other tools.<\/p>\n<p>&nbsp;<\/p>\n<ol start=\"8\">\n<li>Comment partageons-nous les informations ?<\/li>\n<\/ol>\n<p>Notre soci\u00e9t\u00e9 s&#039;engage \u00e0 pr\u00e9server la confidentialit\u00e9 de vos donn\u00e9es personnelles. Sauf dans les cas pr\u00e9vus dans la pr\u00e9sente politique de confidentialit\u00e9, nous ne vendrons, n&#039;\u00e9changerons ni ne louerons vos donn\u00e9es personnelles collect\u00e9es sur le site Web \u00e0 des tiers. Nous pouvons partager vos donn\u00e9es personnelles conform\u00e9ment aux exigences l\u00e9gales ou autorisations suivantes\u00a0:<br \/>\nDans le processus commercial quotidien, toute soci\u00e9t\u00e9 affili\u00e9e \u00e0 Anhui Chengxi Import And Export Co., Ltd. ne peut utiliser vos donn\u00e9es personnelles qu&#039;aux fins d\u00e9crites dans la pr\u00e9sente politique de confidentialit\u00e9 (par exemple, pour r\u00e9pondre \u00e0 vos demandes concernant nos produits et services)\u00a0;<br \/>\nAvec les sous-traitants, vendeurs et fournisseurs qui nous fournissent des services en notre nom, tels que le traitement et l&#039;ex\u00e9cution des commandes\u00a0; analyse et stockage de donn\u00e9es\u00a0; aider au marketing direct et \u00e0 la distribution d&#039;e-mails et d&#039;autres communications\u00a0; services de pr\u00e9vention de la fraude; livraison et logistique; et remplir d&#039;autres objectifs de la collecte ci-dessus\u00a0;<br \/>\nSi nous ou l&#039;une de nos soci\u00e9t\u00e9s affili\u00e9es d\u00e9posons le bilan ou le transfert de propri\u00e9t\u00e9 (ou d&#039;actifs) li\u00e9 \u00e0 la r\u00e9organisation propos\u00e9e ou compl\u00e8te de l&#039;une de nos soci\u00e9t\u00e9s affili\u00e9es, telle que des fusions, acquisitions ou ventes r\u00e9elles ou potentielles d&#039;unit\u00e9s commerciales\u00a0;<br \/>\nSe conformer aux ordres juridiques et aux exigences gouvernementales, ou soutenir les fonctions d&#039;audit, de conformit\u00e9 et de gouvernance d&#039;entreprise au besoin\u00a0;<br \/>\nPour lutter contre la fraude ou les activit\u00e9s criminelles et pour prot\u00e9ger nos droits ou ceux de nos soci\u00e9t\u00e9s affili\u00e9es, utilisateurs et partenaires commerciaux, ou dans le cadre de proc\u00e9dures l\u00e9gales affectant notre soci\u00e9t\u00e9, y compris l&#039;application de nos conditions g\u00e9n\u00e9rales.<\/p>","protected":false},"excerpt":{"rendered":"The privacy and security of your information is very important to us.\nPlease view the full privacy policy below to le...","protected":false},"author":1,"featured_media":0,"parent":0,"menu_order":0,"comment_status":"closed","ping_status":"closed","template":"page\/privacy.php","meta":{"_acf_changed":false,"footnotes":""},"class_list":["post-22","page","type-page","status-publish","hentry"],"acf":[],"yoast_head":"<!-- This site is optimized with the Yoast SEO plugin v24.6 - https:\/\/yoast.com\/wordpress\/plugins\/seo\/ -->\n<title>Privacy - China professional labor insurance shoes manufacturer<\/title>\n<meta name=\"robots\" content=\"noindex, follow, max-snippet:-1, max-image-preview:large, max-video-preview:-1\" \/>\n<meta property=\"og:locale\" content=\"fr_CA\" \/>\n<meta property=\"og:type\" content=\"article\" \/>\n<meta property=\"og:title\" content=\"Privacy - China professional labor insurance shoes manufacturer\" \/>\n<meta property=\"og:description\" content=\"The privacy and security of your information is very important to us. Please view the full privacy policy below to learn more. Introduction This privacy policy explains how our company and its affiliates collect and use your information. Our privacy policy applies to all people who visit and use our website, our company and online [&hellip;]\" \/>\n<meta property=\"og:url\" content=\"https:\/\/10906.snkjdongming.com\/fr\/intimite\/\" \/>\n<meta property=\"og:site_name\" content=\"China professional labor insurance shoes manufacturer\" \/>\n<meta property=\"article:modified_time\" content=\"2022-12-08T06:17:29+00:00\" \/>\n<meta name=\"twitter:card\" content=\"summary_large_image\" \/>\n<meta name=\"twitter:label1\" content=\"Estimation du temps de lecture\" \/>\n\t<meta name=\"twitter:data1\" content=\"10 minutes\" \/>\n<script type=\"application\/ld+json\" class=\"yoast-schema-graph\">{\"@context\":\"https:\/\/schema.org\",\"@graph\":[{\"@type\":\"WebPage\",\"@id\":\"https:\/\/10906.snkjdongming.com\/privacy\/\",\"url\":\"https:\/\/10906.snkjdongming.com\/privacy\/\",\"name\":\"Privacy - China professional labor insurance shoes manufacturer\",\"isPartOf\":{\"@id\":\"https:\/\/10906.snkjdongming.com\/#website\"},\"datePublished\":\"2022-09-15T09:11:32+00:00\",\"dateModified\":\"2022-12-08T06:17:29+00:00\",\"breadcrumb\":{\"@id\":\"https:\/\/10906.snkjdongming.com\/privacy\/#breadcrumb\"},\"inLanguage\":\"fr-CA\",\"potentialAction\":[{\"@type\":\"ReadAction\",\"target\":[\"https:\/\/10906.snkjdongming.com\/privacy\/\"]}]},{\"@type\":\"BreadcrumbList\",\"@id\":\"https:\/\/10906.snkjdongming.com\/privacy\/#breadcrumb\",\"itemListElement\":[{\"@type\":\"ListItem\",\"position\":1,\"name\":\"Home\",\"item\":\"https:\/\/10906.snkjdongming.com\/\"},{\"@type\":\"ListItem\",\"position\":2,\"name\":\"Privacy\"}]},{\"@type\":\"WebSite\",\"@id\":\"https:\/\/10906.snkjdongming.com\/#website\",\"url\":\"https:\/\/10906.snkjdongming.com\/\",\"name\":\"China professional labor insurance shoes manufacturer\",\"description\":\"SINO\",\"potentialAction\":[{\"@type\":\"SearchAction\",\"target\":{\"@type\":\"EntryPoint\",\"urlTemplate\":\"https:\/\/10906.snkjdongming.com\/?s={search_term_string}\"},\"query-input\":{\"@type\":\"PropertyValueSpecification\",\"valueRequired\":true,\"valueName\":\"search_term_string\"}}],\"inLanguage\":\"fr-CA\"}]}<\/script>\n<!-- \/ Yoast SEO plugin. -->","yoast_head_json":{"title":"Privacy - China professional labor insurance shoes manufacturer","robots":{"index":"noindex","follow":"follow","max-snippet":"max-snippet:-1","max-image-preview":"max-image-preview:large","max-video-preview":"max-video-preview:-1"},"og_locale":"fr_CA","og_type":"article","og_title":"Privacy - China professional labor insurance shoes manufacturer","og_description":"The privacy and security of your information is very important to us. Please view the full privacy policy below to learn more. Introduction This privacy policy explains how our company and its affiliates collect and use your information. Our privacy policy applies to all people who visit and use our website, our company and online [&hellip;]","og_url":"https:\/\/10906.snkjdongming.com\/fr\/intimite\/","og_site_name":"China professional labor insurance shoes manufacturer","article_modified_time":"2022-12-08T06:17:29+00:00","twitter_card":"summary_large_image","twitter_misc":{"Estimation du temps de lecture":"10 minutes"},"schema":{"@context":"https:\/\/schema.org","@graph":[{"@type":"WebPage","@id":"https:\/\/10906.snkjdongming.com\/privacy\/","url":"https:\/\/10906.snkjdongming.com\/privacy\/","name":"Privacy - China professional labor insurance shoes manufacturer","isPartOf":{"@id":"https:\/\/10906.snkjdongming.com\/#website"},"datePublished":"2022-09-15T09:11:32+00:00","dateModified":"2022-12-08T06:17:29+00:00","breadcrumb":{"@id":"https:\/\/10906.snkjdongming.com\/privacy\/#breadcrumb"},"inLanguage":"fr-CA","potentialAction":[{"@type":"ReadAction","target":["https:\/\/10906.snkjdongming.com\/privacy\/"]}]},{"@type":"BreadcrumbList","@id":"https:\/\/10906.snkjdongming.com\/privacy\/#breadcrumb","itemListElement":[{"@type":"ListItem","position":1,"name":"Home","item":"https:\/\/10906.snkjdongming.com\/"},{"@type":"ListItem","position":2,"name":"Privacy"}]},{"@type":"WebSite","@id":"https:\/\/10906.snkjdongming.com\/#website","url":"https:\/\/10906.snkjdongming.com\/","name":"China professional labor insurance shoes manufacturer","description":"SINO","potentialAction":[{"@type":"SearchAction","target":{"@type":"EntryPoint","urlTemplate":"https:\/\/10906.snkjdongming.com\/?s={search_term_string}"},"query-input":{"@type":"PropertyValueSpecification","valueRequired":true,"valueName":"search_term_string"}}],"inLanguage":"fr-CA"}]}},"_links":{"self":[{"href":"https:\/\/10906.snkjdongming.com\/fr\/wp-json\/wp\/v2\/pages\/22","targetHints":{"allow":["GET"]}}],"collection":[{"href":"https:\/\/10906.snkjdongming.com\/fr\/wp-json\/wp\/v2\/pages"}],"about":[{"href":"https:\/\/10906.snkjdongming.com\/fr\/wp-json\/wp\/v2\/types\/page"}],"author":[{"embeddable":true,"href":"https:\/\/10906.snkjdongming.com\/fr\/wp-json\/wp\/v2\/users\/1"}],"replies":[{"embeddable":true,"href":"https:\/\/10906.snkjdongming.com\/fr\/wp-json\/wp\/v2\/comments?post=22"}],"version-history":[{"count":3,"href":"https:\/\/10906.snkjdongming.com\/fr\/wp-json\/wp\/v2\/pages\/22\/revisions"}],"predecessor-version":[{"id":365,"href":"https:\/\/10906.snkjdongming.com\/fr\/wp-json\/wp\/v2\/pages\/22\/revisions\/365"}],"wp:attachment":[{"href":"https:\/\/10906.snkjdongming.com\/fr\/wp-json\/wp\/v2\/media?parent=22"}],"curies":[{"name":"wp","href":"https:\/\/api.w.org\/{rel}","templated":true}]}}