
{"id":4071,"date":"2025-04-18T14:51:10","date_gmt":"2025-04-18T06:51:10","guid":{"rendered":"https:\/\/10906.snkjdongming.com\/?post_type=product&#038;p=4071"},"modified":"2025-04-18T14:51:10","modified_gmt":"2025-04-18T06:51:10","slug":"hiking-safety-shoes-european-standard-steel-toe-new-safety-shoes","status":"publish","type":"product","link":"https:\/\/10906.snkjdongming.com\/fr\/produit\/hiking-safety-shoes-european-standard-steel-toe-new-safety-shoes\/","title":{"rendered":"Chaussures de s\u00e9curit\u00e9 de randonn\u00e9e \u00e0 embout en acier, conformes aux normes europ\u00e9ennes, neuves"},"content":{"rendered":"<p>Our safety shoes brand is GUYISA. Our products are diverse and versatile.Our company mainly produces and sells labor protection supplies, including safety shoes \/ safety boots \/ insulation shoes \/ antistatic shoes \/ chef shoes \/ non slip shoes \/ gloves \/ rain shoes \/ .Our company has professional design and development personnel and quality inspectors, and our products have also passed CE and ASTM certifications, both in terms of quality and style, and are very popular in the international market.<\/p>\n<p><img loading=\"lazy\" decoding=\"async\" class=\"alignnone wp-image-4080 size-full\" src=\"https:\/\/10906.snkjdongming.com\/wp-content\/uploads\/2025\/04\/75-9Hiking-safety-shoes-European-standard-steel-toe-new-safety-shoes.webp\" alt=\"\" width=\"970\" height=\"392\" srcset=\"https:\/\/10906.snkjdongming.com\/wp-content\/uploads\/2025\/04\/75-9Hiking-safety-shoes-European-standard-steel-toe-new-safety-shoes.webp 970w, https:\/\/10906.snkjdongming.com\/wp-content\/uploads\/2025\/04\/75-9Hiking-safety-shoes-European-standard-steel-toe-new-safety-shoes-300x121.webp 300w, https:\/\/10906.snkjdongming.com\/wp-content\/uploads\/2025\/04\/75-9Hiking-safety-shoes-European-standard-steel-toe-new-safety-shoes-768x310.webp 768w, https:\/\/10906.snkjdongming.com\/wp-content\/uploads\/2025\/04\/75-9Hiking-safety-shoes-European-standard-steel-toe-new-safety-shoes-18x7.webp 18w, https:\/\/10906.snkjdongming.com\/wp-content\/uploads\/2025\/04\/75-9Hiking-safety-shoes-European-standard-steel-toe-new-safety-shoes-600x242.webp 600w\" sizes=\"auto, (max-width: 970px) 100vw, 970px\" \/><\/p>\n<p><strong>Light weight and wear-resistant Rubber and plastic outsole<\/strong><\/p>\n<p>This sole uses the latest light weight high elastic all black rubber outsole, very soft and comfortable, very suitable for use as a work shoe.<\/p>\n<p><img loading=\"lazy\" decoding=\"async\" class=\"alignnone wp-image-4081 size-full\" src=\"https:\/\/10906.snkjdongming.com\/wp-content\/uploads\/2025\/04\/75-10Hiking-safety-shoes-European-standard-steel-toe-new-safety-shoes.webp\" alt=\"\" width=\"970\" height=\"600\" srcset=\"https:\/\/10906.snkjdongming.com\/wp-content\/uploads\/2025\/04\/75-10Hiking-safety-shoes-European-standard-steel-toe-new-safety-shoes.webp 970w, https:\/\/10906.snkjdongming.com\/wp-content\/uploads\/2025\/04\/75-10Hiking-safety-shoes-European-standard-steel-toe-new-safety-shoes-300x186.webp 300w, https:\/\/10906.snkjdongming.com\/wp-content\/uploads\/2025\/04\/75-10Hiking-safety-shoes-European-standard-steel-toe-new-safety-shoes-768x475.webp 768w, https:\/\/10906.snkjdongming.com\/wp-content\/uploads\/2025\/04\/75-10Hiking-safety-shoes-European-standard-steel-toe-new-safety-shoes-18x12.webp 18w, https:\/\/10906.snkjdongming.com\/wp-content\/uploads\/2025\/04\/75-10Hiking-safety-shoes-European-standard-steel-toe-new-safety-shoes-600x371.webp 600w\" sizes=\"auto, (max-width: 970px) 100vw, 970px\" \/><\/p>\n<p><strong>Indestructible Steel Toe Design<\/strong><\/p>\n<p>The toe contains an European standard steel toe.It has passed CE and ASTM certification.The steel toe\u00a0can withstand a resistance of 15 thousand Newtons.The European steel toe is a protective steel toe that meets the anatomical requirements.It is suitable for a spacious toe box and excellent arch support\uff0cWich can support the natural contour of the foot.<\/p>\n<p><img loading=\"lazy\" decoding=\"async\" class=\"alignnone wp-image-4082 size-full\" src=\"https:\/\/10906.snkjdongming.com\/wp-content\/uploads\/2025\/04\/75-11Hiking-safety-shoes-European-standard-steel-toe-new-safety-shoes.webp\" alt=\"\" width=\"970\" height=\"400\" srcset=\"https:\/\/10906.snkjdongming.com\/wp-content\/uploads\/2025\/04\/75-11Hiking-safety-shoes-European-standard-steel-toe-new-safety-shoes.webp 970w, https:\/\/10906.snkjdongming.com\/wp-content\/uploads\/2025\/04\/75-11Hiking-safety-shoes-European-standard-steel-toe-new-safety-shoes-300x124.webp 300w, https:\/\/10906.snkjdongming.com\/wp-content\/uploads\/2025\/04\/75-11Hiking-safety-shoes-European-standard-steel-toe-new-safety-shoes-768x317.webp 768w, https:\/\/10906.snkjdongming.com\/wp-content\/uploads\/2025\/04\/75-11Hiking-safety-shoes-European-standard-steel-toe-new-safety-shoes-18x7.webp 18w, https:\/\/10906.snkjdongming.com\/wp-content\/uploads\/2025\/04\/75-11Hiking-safety-shoes-European-standard-steel-toe-new-safety-shoes-600x247.webp 600w\" sizes=\"auto, (max-width: 970px) 100vw, 970px\" \/><\/p>\n<p>&nbsp;<\/p>\n<p><img loading=\"lazy\" decoding=\"async\" class=\"alignnone wp-image-4083 size-full\" src=\"https:\/\/10906.snkjdongming.com\/wp-content\/uploads\/2025\/04\/75-12Hiking-safety-shoes-European-standard-steel-toe-new-safety-shoes.webp\" alt=\"\" width=\"970\" height=\"677\" srcset=\"https:\/\/10906.snkjdongming.com\/wp-content\/uploads\/2025\/04\/75-12Hiking-safety-shoes-European-standard-steel-toe-new-safety-shoes.webp 970w, https:\/\/10906.snkjdongming.com\/wp-content\/uploads\/2025\/04\/75-12Hiking-safety-shoes-European-standard-steel-toe-new-safety-shoes-300x209.webp 300w, https:\/\/10906.snkjdongming.com\/wp-content\/uploads\/2025\/04\/75-12Hiking-safety-shoes-European-standard-steel-toe-new-safety-shoes-768x536.webp 768w, https:\/\/10906.snkjdongming.com\/wp-content\/uploads\/2025\/04\/75-12Hiking-safety-shoes-European-standard-steel-toe-new-safety-shoes-18x12.webp 18w, https:\/\/10906.snkjdongming.com\/wp-content\/uploads\/2025\/04\/75-12Hiking-safety-shoes-European-standard-steel-toe-new-safety-shoes-220x154.webp 220w, https:\/\/10906.snkjdongming.com\/wp-content\/uploads\/2025\/04\/75-12Hiking-safety-shoes-European-standard-steel-toe-new-safety-shoes-600x419.webp 600w\" sizes=\"auto, (max-width: 970px) 100vw, 970px\" \/><\/p>","protected":false},"excerpt":{"rendered":"Our safety shoes brand is GUYISA. Our products are diverse and versatile.Our company mainly produces and sells labor ...","protected":false},"featured_media":4072,"comment_status":"open","ping_status":"closed","template":"","meta":{"_acf_changed":false},"product_brand":[],"product_cat":[56,73],"product_tag":[],"class_list":{"0":"post-4071","1":"product","2":"type-product","3":"status-publish","4":"has-post-thumbnail","6":"product_cat-safety-shoes","7":"product_cat-products","9":"first","10":"instock","11":"sale","12":"shipping-taxable","13":"purchasable","14":"product-type-simple"},"acf":[],"yoast_head":"<!-- This site is optimized with the Yoast SEO plugin v24.6 - https:\/\/yoast.com\/wordpress\/plugins\/seo\/ -->\n<title>Hiking safety shoes European standard steel toe new safety shoes - China professional labor insurance shoes manufacturer<\/title>\n<meta name=\"robots\" content=\"noindex, follow, max-snippet:-1, max-image-preview:large, max-video-preview:-1\" \/>\n<meta property=\"og:locale\" content=\"fr_CA\" \/>\n<meta property=\"og:type\" content=\"article\" \/>\n<meta property=\"og:title\" content=\"Hiking safety shoes European standard steel toe new safety shoes - China professional labor insurance shoes manufacturer\" \/>\n<meta property=\"og:description\" content=\"GUYISA 3115L Factory direct safety shoes welder anti-burning Welder&#039;s safety shoes Non-slip and anti-ironing safety work boots\" \/>\n<meta property=\"og:url\" content=\"https:\/\/10906.snkjdongming.com\/fr\/produit\/hiking-safety-shoes-european-standard-steel-toe-new-safety-shoes\/\" \/>\n<meta property=\"og:site_name\" content=\"China professional labor insurance shoes manufacturer\" \/>\n<meta property=\"og:image\" content=\"https:\/\/10906.snkjdongming.com\/wp-content\/uploads\/2025\/04\/75-1Hiking-safety-shoes-European-standard-steel-toe-new-safety-shoes.webp\" \/>\n\t<meta property=\"og:image:width\" content=\"640\" \/>\n\t<meta property=\"og:image:height\" content=\"640\" \/>\n\t<meta property=\"og:image:type\" content=\"image\/webp\" \/>\n<meta name=\"twitter:card\" content=\"summary_large_image\" \/>\n<meta name=\"twitter:label1\" content=\"Estimation du temps de lecture\" \/>\n\t<meta name=\"twitter:data1\" content=\"2 minutes\" \/>\n<script type=\"application\/ld+json\" class=\"yoast-schema-graph\">{\"@context\":\"https:\/\/schema.org\",\"@graph\":[{\"@type\":\"WebPage\",\"@id\":\"https:\/\/10906.snkjdongming.com\/product\/hiking-safety-shoes-european-standard-steel-toe-new-safety-shoes\/\",\"url\":\"https:\/\/10906.snkjdongming.com\/product\/hiking-safety-shoes-european-standard-steel-toe-new-safety-shoes\/\",\"name\":\"Hiking safety shoes European standard steel toe new safety shoes - China professional labor insurance shoes manufacturer\",\"isPartOf\":{\"@id\":\"https:\/\/10906.snkjdongming.com\/#website\"},\"primaryImageOfPage\":{\"@id\":\"https:\/\/10906.snkjdongming.com\/product\/hiking-safety-shoes-european-standard-steel-toe-new-safety-shoes\/#primaryimage\"},\"image\":{\"@id\":\"https:\/\/10906.snkjdongming.com\/product\/hiking-safety-shoes-european-standard-steel-toe-new-safety-shoes\/#primaryimage\"},\"thumbnailUrl\":\"https:\/\/10906.snkjdongming.com\/wp-content\/uploads\/2025\/04\/75-1Hiking-safety-shoes-European-standard-steel-toe-new-safety-shoes.webp\",\"datePublished\":\"2025-04-18T06:51:10+00:00\",\"breadcrumb\":{\"@id\":\"https:\/\/10906.snkjdongming.com\/product\/hiking-safety-shoes-european-standard-steel-toe-new-safety-shoes\/#breadcrumb\"},\"inLanguage\":\"fr-CA\",\"potentialAction\":[{\"@type\":\"ReadAction\",\"target\":[\"https:\/\/10906.snkjdongming.com\/product\/hiking-safety-shoes-european-standard-steel-toe-new-safety-shoes\/\"]}]},{\"@type\":\"ImageObject\",\"inLanguage\":\"fr-CA\",\"@id\":\"https:\/\/10906.snkjdongming.com\/product\/hiking-safety-shoes-european-standard-steel-toe-new-safety-shoes\/#primaryimage\",\"url\":\"https:\/\/10906.snkjdongming.com\/wp-content\/uploads\/2025\/04\/75-1Hiking-safety-shoes-European-standard-steel-toe-new-safety-shoes.webp\",\"contentUrl\":\"https:\/\/10906.snkjdongming.com\/wp-content\/uploads\/2025\/04\/75-1Hiking-safety-shoes-European-standard-steel-toe-new-safety-shoes.webp\",\"width\":640,\"height\":640},{\"@type\":\"BreadcrumbList\",\"@id\":\"https:\/\/10906.snkjdongming.com\/product\/hiking-safety-shoes-european-standard-steel-toe-new-safety-shoes\/#breadcrumb\",\"itemListElement\":[{\"@type\":\"ListItem\",\"position\":1,\"name\":\"Home\",\"item\":\"https:\/\/10906.snkjdongming.com\/\"},{\"@type\":\"ListItem\",\"position\":2,\"name\":\"Products\",\"item\":\"https:\/\/10906.snkjdongming.com\/shop\/\"},{\"@type\":\"ListItem\",\"position\":3,\"name\":\"Products\",\"item\":\"https:\/\/10906.snkjdongming.com\/.\/products\/\"},{\"@type\":\"ListItem\",\"position\":4,\"name\":\"Hiking safety shoes European standard steel toe new safety shoes\"}]},{\"@type\":\"WebSite\",\"@id\":\"https:\/\/10906.snkjdongming.com\/#website\",\"url\":\"https:\/\/10906.snkjdongming.com\/\",\"name\":\"China professional labor insurance shoes manufacturer\",\"description\":\"SINO\",\"potentialAction\":[{\"@type\":\"SearchAction\",\"target\":{\"@type\":\"EntryPoint\",\"urlTemplate\":\"https:\/\/10906.snkjdongming.com\/?s={search_term_string}\"},\"query-input\":{\"@type\":\"PropertyValueSpecification\",\"valueRequired\":true,\"valueName\":\"search_term_string\"}}],\"inLanguage\":\"fr-CA\"}]}<\/script>\n<!-- \/ Yoast SEO plugin. -->","yoast_head_json":{"title":"Hiking safety shoes European standard steel toe new safety shoes - China professional labor insurance shoes manufacturer","robots":{"index":"noindex","follow":"follow","max-snippet":"max-snippet:-1","max-image-preview":"max-image-preview:large","max-video-preview":"max-video-preview:-1"},"og_locale":"fr_CA","og_type":"article","og_title":"Hiking safety shoes European standard steel toe new safety shoes - China professional labor insurance shoes manufacturer","og_description":"GUYISA 3115L Factory direct safety shoes welder anti-burning Welder's safety shoes Non-slip and anti-ironing safety work boots","og_url":"https:\/\/10906.snkjdongming.com\/fr\/produit\/hiking-safety-shoes-european-standard-steel-toe-new-safety-shoes\/","og_site_name":"China professional labor insurance shoes manufacturer","og_image":[{"width":640,"height":640,"url":"https:\/\/10906.snkjdongming.com\/wp-content\/uploads\/2025\/04\/75-1Hiking-safety-shoes-European-standard-steel-toe-new-safety-shoes.webp","type":"image\/webp"}],"twitter_card":"summary_large_image","twitter_misc":{"Estimation du temps de lecture":"2 minutes"},"schema":{"@context":"https:\/\/schema.org","@graph":[{"@type":"WebPage","@id":"https:\/\/10906.snkjdongming.com\/product\/hiking-safety-shoes-european-standard-steel-toe-new-safety-shoes\/","url":"https:\/\/10906.snkjdongming.com\/product\/hiking-safety-shoes-european-standard-steel-toe-new-safety-shoes\/","name":"Hiking safety shoes European standard steel toe new safety shoes - China professional labor insurance shoes manufacturer","isPartOf":{"@id":"https:\/\/10906.snkjdongming.com\/#website"},"primaryImageOfPage":{"@id":"https:\/\/10906.snkjdongming.com\/product\/hiking-safety-shoes-european-standard-steel-toe-new-safety-shoes\/#primaryimage"},"image":{"@id":"https:\/\/10906.snkjdongming.com\/product\/hiking-safety-shoes-european-standard-steel-toe-new-safety-shoes\/#primaryimage"},"thumbnailUrl":"https:\/\/10906.snkjdongming.com\/wp-content\/uploads\/2025\/04\/75-1Hiking-safety-shoes-European-standard-steel-toe-new-safety-shoes.webp","datePublished":"2025-04-18T06:51:10+00:00","breadcrumb":{"@id":"https:\/\/10906.snkjdongming.com\/product\/hiking-safety-shoes-european-standard-steel-toe-new-safety-shoes\/#breadcrumb"},"inLanguage":"fr-CA","potentialAction":[{"@type":"ReadAction","target":["https:\/\/10906.snkjdongming.com\/product\/hiking-safety-shoes-european-standard-steel-toe-new-safety-shoes\/"]}]},{"@type":"ImageObject","inLanguage":"fr-CA","@id":"https:\/\/10906.snkjdongming.com\/product\/hiking-safety-shoes-european-standard-steel-toe-new-safety-shoes\/#primaryimage","url":"https:\/\/10906.snkjdongming.com\/wp-content\/uploads\/2025\/04\/75-1Hiking-safety-shoes-European-standard-steel-toe-new-safety-shoes.webp","contentUrl":"https:\/\/10906.snkjdongming.com\/wp-content\/uploads\/2025\/04\/75-1Hiking-safety-shoes-European-standard-steel-toe-new-safety-shoes.webp","width":640,"height":640},{"@type":"BreadcrumbList","@id":"https:\/\/10906.snkjdongming.com\/product\/hiking-safety-shoes-european-standard-steel-toe-new-safety-shoes\/#breadcrumb","itemListElement":[{"@type":"ListItem","position":1,"name":"Home","item":"https:\/\/10906.snkjdongming.com\/"},{"@type":"ListItem","position":2,"name":"Products","item":"https:\/\/10906.snkjdongming.com\/shop\/"},{"@type":"ListItem","position":3,"name":"Products","item":"https:\/\/10906.snkjdongming.com\/.\/products\/"},{"@type":"ListItem","position":4,"name":"Hiking safety shoes European standard steel toe new safety shoes"}]},{"@type":"WebSite","@id":"https:\/\/10906.snkjdongming.com\/#website","url":"https:\/\/10906.snkjdongming.com\/","name":"China professional labor insurance shoes manufacturer","description":"SINO","potentialAction":[{"@type":"SearchAction","target":{"@type":"EntryPoint","urlTemplate":"https:\/\/10906.snkjdongming.com\/?s={search_term_string}"},"query-input":{"@type":"PropertyValueSpecification","valueRequired":true,"valueName":"search_term_string"}}],"inLanguage":"fr-CA"}]}},"tiered_pricing_type":"fixed","tiered_pricing_fixed_rules":{"50":"13.5","500":"11.5"},"tiered_pricing_percentage_rules":[],"tiered_pricing_minimum":1,"tiered_pricing_roles_data":[],"_links":{"self":[{"href":"https:\/\/10906.snkjdongming.com\/fr\/wp-json\/wp\/v2\/product\/4071","targetHints":{"allow":["GET"]}}],"collection":[{"href":"https:\/\/10906.snkjdongming.com\/fr\/wp-json\/wp\/v2\/product"}],"about":[{"href":"https:\/\/10906.snkjdongming.com\/fr\/wp-json\/wp\/v2\/types\/product"}],"replies":[{"embeddable":true,"href":"https:\/\/10906.snkjdongming.com\/fr\/wp-json\/wp\/v2\/comments?post=4071"}],"wp:featuredmedia":[{"embeddable":true,"href":"https:\/\/10906.snkjdongming.com\/fr\/wp-json\/wp\/v2\/media\/4072"}],"wp:attachment":[{"href":"https:\/\/10906.snkjdongming.com\/fr\/wp-json\/wp\/v2\/media?parent=4071"}],"wp:term":[{"taxonomy":"product_brand","embeddable":true,"href":"https:\/\/10906.snkjdongming.com\/fr\/wp-json\/wp\/v2\/product_brand?post=4071"},{"taxonomy":"product_cat","embeddable":true,"href":"https:\/\/10906.snkjdongming.com\/fr\/wp-json\/wp\/v2\/product_cat?post=4071"},{"taxonomy":"product_tag","embeddable":true,"href":"https:\/\/10906.snkjdongming.com\/fr\/wp-json\/wp\/v2\/product_tag?post=4071"}],"curies":[{"name":"wp","href":"https:\/\/api.w.org\/{rel}","templated":true}]}}